
{"id":193,"date":"2020-06-17T22:33:38","date_gmt":"2020-06-17T22:33:38","guid":{"rendered":"https:\/\/shop.binowl.com\/?page_id=193"},"modified":"2023-03-03T13:26:47","modified_gmt":"2023-03-03T13:26:47","slug":"terms-and-conditions","status":"publish","type":"page","link":"https:\/\/shop.binowl.com\/pl\/terms-and-conditions\/","title":{"rendered":"Regulamin"},"content":{"rendered":"<h2 class=\"wp-block-heading\">Wst\u0119p<\/h2>\n\n\n\n<p>Ten sklep internetowy jest prowadzony przez BinOwl IT Solutions, Wigierska 54 80-180 Gda\u0144sk, POLSKA, NIP: PL9570857417. Terminy \u201enasz\u201d, \u201enas\u201d i \u201emy\u201d odnosz\u0105 si\u0119 do BinOwl IT Solutions.\n<p> Klient mo\u017ce skontaktowa\u0107 si\u0119 z podmiotem prowadz\u0105cym sklep internetowy w nast\u0119puj\u0105cy spos\u00f3b:<br \/>\nBinOwl IT Solutions<br \/>\nWigierska 54<br \/>\n80-180 Gda\u0144sk<br \/>\nPOLAND<br \/>\nemail: <a href=\"mailto:contact@binowl.com\">contact@binowl.com<\/a><br \/>\nFormularz kontaktowy na stronie: <a href=\"https:\/\/binowl.com\/\">https:\/\/binowl.com\/<\/a><\/p>\n\n\n\n<h3 class=\"wp-block-heading\">Og\u00f3lne zasady korzystania ze sklepu internetowego OwlShop<\/h3>\n\n\n\n<p><p>Ze sklepu internetowego mog\u0105 korzysta\u0107 wy\u0142\u0105cznie osoby, kt\u00f3re osi\u0105gn\u0119\u0142y co najmniej pe\u0142noletnio\u015b\u0107 wed\u0142ug prawa kraju zamieszkania.<\/p>\n<p>Ka\u017cdy kto dokonuje rejestracji i robi zakupy w sklepie internetowym podaje swoje dane osobowe i wyra\u017ca zgod\u0119 na ich przetwarzanie przez nas na zasadach okre\u015blonych w naszej Polityce Prywatno\u015bci.<\/p><\/p>\n\n\n\n<h3 class=\"wp-block-heading\">Sk\u0142adanie zam\u00f3wienia<\/h3>\n\n\n\n<p><p>Zam\u00f3wienia s\u0105 przyjmowane poprzez witryn\u0119 <a href=\"https:\/\/shop.binowl.com\/pl\/\">http:\/\/shop.binowl.com\/<\/a>.<\/p>\n<p>Na stronie znajduj\u0105 si\u0119 informacje o cechach produkt\u00f3w i ich cenach. Zastrzegamy sobie prawo do modyfikacji lub zaprzestania dystrybucji produkt\u00f3w dost\u0119pnych w tym sklepie w dowolnym momencie.<\/p>\n<p>Zamawiaj\u0105c produkt, Klient dokonuje jego wyboru w spos\u00f3b w\u0142a\u015bciwy dla tego produktu, okre\u015blaj\u0105c konkretne informacje oraz ilo\u015b\u0107 zamawianych produkt\u00f3w, jak jest to mo\u017cliwe.<\/p><\/p>\n\n\n\n<h3 class=\"wp-block-heading\">Jak kupowa\u0107 w sklepie internetowym \u2013 szczeg\u00f3\u0142y<\/h3>\n\n\n\n<p><p>Po dokonaniu przez Klienta wyboru produktu nale\u017cy klikn\u0105\u0107 przycisk \u201eDo koszyka\u201d lub \u201eWybierz opcje\u201d.<\/p>\n<p>W przypadku klikni\u0119cia \u201eWybierz opcje\u201d Klient ma mo\u017cliwo\u015b\u0107 wyboru opcji specyficznych dla tego produktu.<\/p>\n<p>Produkt zostaje dodany do koszyka, kt\u00f3ry staje si\u0119 widoczny po klikni\u0119ciu ikony koszyka w prawym g\u00f3rnym rogu strony. Klient mo\u017ce przej\u015b\u0107 do koszyka, klikaj\u0105c przycisk \u201ePoka\u017c koszyk\u201d lub \u201eDo kasy\u201d, kt\u00f3ry wy\u015bwietla wszystkie produkty w koszyku.<\/p>\n<p>Wybranie opcji \u201eDo kasy\u201d wy\u015bwietli stron\u0119, na kt\u00f3rej Klient powinien wprowadzi\u0107 dane wymagane do realizacji transakcji i wysy\u0142ki zam\u00f3wionych produkt\u00f3w.<\/p>\n<p>Po zalogowaniu si\u0119 do sklepu internetowego Klient uzyskuje dost\u0119p do dodatkowych opcji w panelu Klienta, takich jak: historia zam\u00f3wie\u0144, mo\u017cliwo\u015b\u0107 podgl\u0105du statusu ostatniego zam\u00f3wienia czy zapisywania adres\u00f3w rozliczeniowych i wysy\u0142ki.<\/p>\n<p>Klient mo\u017ce wybra\u0107 przelew bezpo\u015bredni, p\u0142atno\u015b\u0107 online za po\u015brednictwem Stripe lub Przelewy24 oraz p\u0142atno\u015b\u0107 kart\u0105 za po\u015brednictwem Stripe.<\/p>\n<p>Klient sk\u0142ada zam\u00f3wienie poprzez klikni\u0119cie przycisku \u201eZ\u0142\u00f3\u017c zam\u00f3wienie\u201d.<\/p>\n<p>W przypadku wyboru p\u0142atno\u015bci online (p\u0142atno\u015b\u0107 kart\u0105, Przelewy24, Stripe) p\u0142atno\u015bci nale\u017cy dokona\u0107 niezw\u0142ocznie po z\u0142o\u017ceniu zam\u00f3wienia. Je\u017celi nie otrzymamy wp\u0142aty, zam\u00f3wienie uwa\u017ca si\u0119 za z\u0142o\u017cone nieprawid\u0142owo, co oznacza brak umowy i zam\u00f3wienie nie zostanie zrealizowane.<\/p>\n<p>Na ka\u017cdym etapie sk\u0142adania zam\u00f3wienia, do momentu dokonania p\u0142atno\u015bci, Klient mo\u017ce anulowa\u0107 zam\u00f3wienie poprzez przerwanie procesu sk\u0142adania zam\u00f3wienia i opuszczenie strony internetowej zam\u00f3wienia. Zam\u00f3wienie, kt\u00f3rego nie uda\u0142o si\u0119 z\u0142o\u017cy\u0107, nie zostanie zrealizowane.<\/p>\n<p>Niezw\u0142ocznie po z\u0142o\u017ceniu zam\u00f3wienia Klient otrzyma e-mail z potwierdzeniem zam\u00f3wienia na adres podany w danych zam\u00f3wienia. W e-mailu znajd\u0105 si\u0119 informacje o zam\u00f3wionych produktach, dane Klienta oraz numer zam\u00f3wienia.<\/p>\n<p> Mo\u017cemy kontaktowa\u0107 si\u0119 z Klientem pod adresem e-mail w celu wyja\u015bnienia w\u0105tpliwo\u015bci, potwierdzenia z\u0142o\u017cenia zam\u00f3wienia lub w innych sprawach zwi\u0105zanych z realizacj\u0105 zam\u00f3wienia.<\/p><\/p>\n\n\n\n<h3 class=\"wp-block-heading\">Ceny<\/h3>\n\n\n\n<p><p>Ceny w sklepie internetowym s\u0105 podane w euro lub z\u0142otych (w zale\u017cno\u015bci od wyboru Klienta) s\u0105 cenami brutto, zawieraj\u0105 podatek VAT.<\/p>\n<p>The price of the product is increased by the shipping cost, which depends on the shipping address. Shipping with Poland Post is free of charge.<\/p>\n<p>Cena podana na stronie w momencie sk\u0142adania zam\u00f3wienia jest cen\u0105 ostateczn\u0105, wi\u0105\u017c\u0105c\u0105 zar\u00f3wno Klienta jak i BinOwl IT Solutions. Po z\u0142o\u017ceniu zam\u00f3wienia cena nie ulegnie zmianie.<\/p>\n<p>BinOwl IT Solutions zastrzega sobie prawo do zmiany cen produkt\u00f3w dost\u0119pnych w sklepie internetowym, wprowadzania nowych produkt\u00f3w, anulowania produkt\u00f3w, uruchamiania i anulowania ofert specjalnych na stronach internetowych sklepu lub ich zmiany zgodnie z Kodeksem Cywilnym i innymi obowi\u0105zuj\u0105cymi przepisami prawa.<\/p>\n<p>Nie ponosimy odpowiedzialno\u015bci za b\u0142\u0119dy w przypadku podania przez Klienta nieprawid\u0142owych danych do faktury\/dowodu zakupu lub adresu do wysy\u0142ki.<\/p><\/p>\n\n\n\n<h3 class=\"wp-block-heading\">Dodatkowe informacje<\/h3>\n\n\n\n<p><p>W przypadku braku produktu w magazynie lub braku mo\u017cliwo\u015bci realizacji zam\u00f3wienia z innego powodu, Klient zostanie poinformowany drog\u0105 e-mailow\u0105 o wszelkich problemach z realizacj\u0105 zam\u00f3wienia i mo\u017cliwych rozwi\u0105zaniach.<\/p>\n<p>Ta strona mo\u017ce zawiera\u0107 pewne informacje historyczne. Informacje historyczne z konieczno\u015bci nie s\u0105 aktualne i s\u0105 podane wy\u0142\u0105cznie w celach informacyjnych. Zastrzegamy sobie prawo do modyfikowania zawarto\u015bci tej witryny w dowolnym momencie, ale nie mamy obowi\u0105zku aktualizowania jakichkolwiek informacji na tej stronie. Zgadzasz si\u0119, \u017ce Twoim obowi\u0105zkiem jest monitorowanie zmian na tej stronie.<\/p>\n<p>Zastrzegamy sobie prawo do modyfikacji lub zaprzestania dystrybucji produkt\u00f3w w dowolnym momencie bez powiadomienia.<\/p>\n<p>Wszystkie przedstawione zdj\u0119cia produkt\u00f3w s\u0142u\u017c\u0105 wy\u0142\u0105cznie celom ilustracyjnym. Rzeczywisty produkt mo\u017ce si\u0119 r\u00f3\u017cni\u0107 ze wzgl\u0119du na ulepszenia produktu.<\/p><\/p>\n\n\n\n<h3 class=\"wp-block-heading\">Spos\u00f3b wysy\u0142ki i czas realizacji zam\u00f3wienia<\/h3>\n\n\n\n<p><p>Je\u017celi Klient korzysta z metody p\u0142atno\u015bci online (Stripe\/Przelewy24), realizacja zam\u00f3wienia rozpoczyna si\u0119 po potwierdzeniu dokonania wp\u0142aty przez serwis Przelewy24, b\u0105d\u017a Stripe.<\/p>\n<p>Je\u015bli Klient korzysta z metody bezpo\u015bredniego przelewu bankowego, realizacja zam\u00f3wienia rozpoczyna si\u0119 po zaksi\u0119gowaniu \u015brodk\u00f3w na naszym koncie.<\/p><\/p>\n<p>Je\u017celi wybrane produkty s\u0105 aktualnie dost\u0119pne, a Klient wybra\u0142 wysy\u0142k\u0119 na wskazany adres, wysy\u0142ka produktu nast\u0105pi w terminie 5-7 dni roboczych od dnia skutecznego z\u0142o\u017cenia zam\u00f3wienia. Czas wysy\u0142ki mo\u017ce si\u0119 wyd\u0142u\u017cy\u0107 w przypadku ofert specjalnych.<\/p>\n<p>Orders are delivered by a courier service chosen by us or Poland Post service. Type of shipping can be chosen while ordering. In case of Poland Post service we are not responsible for package lost abroad Poland. Please contact your local post office\/post service for any complaints. If the package has not left the territory of Poland, please contact us. If package has left territory of Poland we are not responsible for package lost. We will authorize you to put complaint on your post service. Tracking is available for Post packages.<\/p>\n\n\n\n<h3 class=\"wp-block-heading\">Reklamacje<\/h3>\n\n\n\n<p><p> Ka\u017cdy produkt zakupiony w naszym sklepie internetowym mo\u017ce by\u0107 reklamowany na podstawie obowi\u0105zuj\u0105cych przepis\u00f3w o odpowiedzialno\u015bci za wadliwy produkt, je\u017celi wada produktu zostanie stwierdzona w ci\u0105gu dw\u00f3ch lat od jego nabycia przez Klienta.<\/p>\n<p>Reklamacj\u0119 mo\u017cna z\u0142o\u017cy\u0107 listownie na adres podany powy\u017cej lub e-mailem (na adres <a href=\"mailto:bugs@binowl.com\">bugs@binowl.com<\/a>).<\/p>\n<p>Reklamacje sk\u0142adane drog\u0105 pocztow\u0105 lub e-mailow\u0105 musz\u0105 okre\u015bla\u0107 przyczyny reklamacji, opis usterki oraz informacje niezb\u0119dne do identyfikacji zam\u00f3wienia.<\/p>\n<p>Reklamacj\u0119 rozpatrzymy w ci\u0105gu 21 dni i poinformujemy Klienta o wyniku rozpatrzenia poprzez email.<\/p>\n<p>Klienci s\u0105 zobowi\u0105zani do przes\u0142ania informacji o reklamacji przed przes\u0142aniem produktu do nas.<\/p>\n<\/p>\n\n\n\n<h3 class=\"wp-block-heading\">Umowa<\/h3>\n\n\n\n<p><p> Informacje dost\u0119pne na tej stronie nie stanowi\u0105 oferty w rozumieniu Kodeksu Cywilnego.<\/p>\n<p>Niniejszy Regulamin oraz wszelkie odr\u0119bne umowy, na mocy kt\u00f3rych dostarczamy Pa\u0144stwu nasze produkty lub us\u0142ugi, podlegaj\u0105 i b\u0119d\u0105 interpretowane zgodnie z prawem obowi\u0105zuj\u0105cym w siedzibie firmy przy ul. Wigierskiej 54, 80-180 Gda\u0144sk, POLSKA.<\/p><\/p>\n\n\n\n<h3 class=\"wp-block-heading\">Zwroty<\/h3>\n\n\n\n<p><p>Klient ma prawo do zwrotu towaru w ci\u0105gu 14 dni bez podania przyczyny.<\/p>\n<p>Prawo do zwrotu towaru wygasa 14 dni od dnia, w kt\u00f3rym Klient wszed\u0142 w posiadanie towaru lub w kt\u00f3rym wskazana przez Klienta osoba trzecia inna ni\u017c przewo\u017anik wesz\u0142a w posiadanie towaru.<\/p>\n<p>Aby zwr\u00f3ci\u0107 produkt, Klient musi przes\u0142a\u0107 do nas wyra\u017ane powiadomienie za po\u015brednictwem email. <a href=\"mailto:contact@binowl.com\">contact@binowl.com.<\/a><\/p>\n<p>Zwrot zap\u0142aconej kwoty bez koszt\u00f3w przesy\u0142ki nast\u0119puje przy u\u017cyciu tego samego kana\u0142u p\u0142atno\u015bci, z kt\u00f3rego Klient skorzysta\u0142 w pierwotnej transakcji, chyba \u017ce Klient wyra\u017anie zgodzi\u0142 si\u0119 na inne rozwi\u0105zanie lub zwrot tym samym kana\u0142em p\u0142atno\u015bci jest niemo\u017cliwy.<\/p>\n<p>Zwrot zap\u0142aconej kwoty bez koszt\u00f3w przesy\u0142ki nast\u0105pi w ci\u0105gu 5-7 dni roboczych (od poniedzia\u0142ku do pi\u0105tku) po otrzymaniu przez nas produktu.<\/p>\n<p>Klient ponosi odpowiedzialno\u015b\u0107 za zmniejszenie warto\u015bci produktu wynikaj\u0105ce z jego u\u017cytkowania.<\/p>\n<p>Zwracany produkt nie mo\u017ce nosi\u0107 \u015blad\u00f3w u\u017cytkowania, zu\u017cycia, monta\u017cu lub demonta\u017cu. Zwrot kwoty zap\u0142aconej za towar jest dokonywany bez koszt\u00f3w wysy\u0142ki.<\/p>\n\n\n\n<h3 class=\"wp-block-heading\">Informacje osobiste<\/h3>\n\n\n\n<p>Wyra\u017cenie przez Klienta zgody na przetwarzanie przez nas danych osobowych jest dobrowolne, ale brak wyra\u017cenia zgody na przetwarzanie danych osobowych uniemo\u017cliwia rejestracj\u0119 i zakupy w sklepie internetowym. Wszelkie informacje dotycz\u0105ce przetwarzania danych osobowych dost\u0119pne s\u0105 w Polityce Prywatno\u015bci.<\/p>","protected":false},"excerpt":{"rendered":"<p>Overview This online shop is operated by BinOwl IT Solutions, Wigierska 54 80-180 Gda\u0144sk, POLAND, VATID: PL9570857417. Terms \u201cour\u201d, \u201cus\u201d and \u201cwe\u201d refer to BinOwl IT Solutions. The Customer may contact the entity running the online shop as follows: BinOwl IT Solutions Wigierska 54 80-180 Gda\u0144sk POLAND by e-mail: contact@binowl.com by contact form on https:\/\/binowl.com\/ [&hellip;]<\/p>","protected":false},"author":5,"featured_media":0,"parent":0,"menu_order":0,"comment_status":"closed","ping_status":"closed","template":"template-fullwidth.php","meta":{"footnotes":""},"aioseo_notices":[],"_links":{"self":[{"href":"https:\/\/shop.binowl.com\/pl\/wp-json\/wp\/v2\/pages\/193"}],"collection":[{"href":"https:\/\/shop.binowl.com\/pl\/wp-json\/wp\/v2\/pages"}],"about":[{"href":"https:\/\/shop.binowl.com\/pl\/wp-json\/wp\/v2\/types\/page"}],"author":[{"embeddable":true,"href":"https:\/\/shop.binowl.com\/pl\/wp-json\/wp\/v2\/users\/5"}],"replies":[{"embeddable":true,"href":"https:\/\/shop.binowl.com\/pl\/wp-json\/wp\/v2\/comments?post=193"}],"version-history":[{"count":46,"href":"https:\/\/shop.binowl.com\/pl\/wp-json\/wp\/v2\/pages\/193\/revisions"}],"predecessor-version":[{"id":1067,"href":"https:\/\/shop.binowl.com\/pl\/wp-json\/wp\/v2\/pages\/193\/revisions\/1067"}],"wp:attachment":[{"href":"https:\/\/shop.binowl.com\/pl\/wp-json\/wp\/v2\/media?parent=193"}],"curies":[{"name":"wp","href":"https:\/\/api.w.org\/{rel}","templated":true}]}}