
{"id":3,"date":"2020-03-18T21:06:17","date_gmt":"2020-03-18T21:06:17","guid":{"rendered":"http:\/\/shop.binowl.com\/?page_id=3"},"modified":"2021-11-02T20:40:10","modified_gmt":"2021-11-02T20:40:10","slug":"privacy-policy","status":"publish","type":"page","link":"https:\/\/shop.binowl.com\/pl\/privacy-policy\/","title":{"rendered":"Polityka prywatno\u015bci"},"content":{"rendered":"<h2 class=\"wp-block-heading\">Kim jeste\u015bmy<\/h2>\n\n\n\n<p>BinOwl IT Solutions to firma zajmuj\u0105ca si\u0119 programowaniem i elektronik\u0105. Tworzymy w\u0142asne produkty oraz rozwi\u0105zania dla naszych Klient\u00f3w.<\/p>\n<p>Nasz adres:<\/p>\n<p><strong>BinOwl IT Solutions<\/strong><br \/>\nWigierska 54<br \/>\n80-180 Gda\u0144sk, POLSKA<\/p>\n<p>Nasza strona internetowa: <a href=\"https:\/\/binowl.com\/\">https:\/\/binowl.com\/<\/a> i <a href=\"https:\/\/shop.binowl.com\/pl\/\">https:\/\/shop.binowl.com\/<\/a> (dalej: \"Witryna\")<\/p>\n<p>Nasz adres email: <a href=\"mailto:contact@binowl.com\">contact@binowl.com<\/a>\n\n\n\n<h2 class=\"wp-block-heading\">Jakie dane osobowe zbieramy i dlaczego je zbieramy<\/h2>\n\n\n\n<h3 class=\"wp-block-heading\">Informacje osobiste<\/h3>\n\n\n\n<p>Kiedy odwiedzasz Witryn\u0119, automatycznie zbieramy pewne informacje o Twoim urz\u0105dzeniu, w tym informacje o Twojej przegl\u0105darce internetowej, adresie IP, strefie czasowej i niekt\u00f3rych plikach cookie zainstalowanych na Twoim urz\u0105dzeniu.<\/p>\n<p>Ponadto podczas przegl\u0105dania Witryny zbieramy informacje o poszczeg\u00f3lnych stronach internetowych lub produktach, kt\u00f3re przegl\u0105dasz, jakie witryny lub wyszukiwane has\u0142a odsy\u0142aj\u0105 Ci\u0119 do Witryny oraz informacje o tym, jak korzystasz z Witryny. Te automatycznie gromadzone informacje nazywamy \u201eInformacjami o urz\u0105dzeniu\u201d.<\/p>\n\n<p>Zbieramy Informacje o urz\u0105dzeniu za pomoc\u0105 nast\u0119puj\u0105cych technologii:<\/p>\n<ul>\n<li>\"Cookies\" to pliki danych, kt\u00f3re s\u0105 umieszczane na Twoim urz\u0105dzeniu lub komputerze i cz\u0119sto zawieraj\u0105 anonimowy unikalny identyfikator. Aby uzyska\u0107 wi\u0119cej informacji na temat plik\u00f3w cookie i jak je wy\u0142\u0105czy\u0107, odwied\u017a <a href=\"http:\/\/www.allaboutcookies.org\/\">http:\/\/www.allaboutcookies.org\/<\/a>.<\/li>\n\n<li>\"Logi\" \u015bledz\u0105 dzia\u0142ania zachodz\u0105ce w Witrynie i zbieraj\u0105 dane, w tym adres IP, typ przegl\u0105darki, dostawc\u0119 us\u0142ug internetowych, strony odsy\u0142aj\u0105ce\/wyj\u015bcia oraz znaczniki daty\/godziny.<\/li>\n\n<li>\u201cWeb beacons,\u201d \u201ctags,\u201d i \u201cpixels\u201d to pliki elektroniczne u\u017cywane do rejestrowania informacji o sposobie przegl\u0105dania Witryny.<\/li>\n<\/ul>\nKiedy m\u00f3wimy o \u201eInformacjach osobistych\u201d w niniejszej Polityce prywatno\u015bci, mamy na my\u015bli zar\u00f3wno informacje o urz\u0105dzeniu, jak i informacje o zam\u00f3wieniu.<\/p>\n\n\n\n<h3 class=\"wp-block-heading\">Jak wykorzystujemy Twoje dane osobowe?<\/h3>\n\n\n\n<p><p>Korzystamy z gromadzonych przez nas informacji osobistych i o urz\u0105dzeniu, na kt\u00f3rym przegl\u0105dasz Witryn\u0119, aby pom\u00f3c nam w sprawdzaniu potencjalnego ryzyka i oszustw (w szczeg\u00f3lno\u015bci adresu IP) oraz, bardziej og\u00f3lnie, w celu ulepszenia i optymalizacji naszej Witryny (na przyk\u0142ad poprzez generowanie analiz dotycz\u0105cych tego, jak nasi Klienci przegl\u0105daj\u0105 i wchodz\u0105 w interakcj\u0119 z Witryn\u0105, oraz w celu oceny naszych kampanii marketingowych i reklamowych).<\/p>\n<p>Wykorzystujemy Informacje osobiste i informacje o urz\u0105dzeniu, aby zapewni\u0107 naszym Klientom lepsze wykorzystanie Witryny. Na przyk\u0142ad wykorzystujemy Twoje dane do marketingu, a tak\u017ce do zrozumienia profilu Klienta w celu zapewnienia lepszego produktu.<\/p><\/p>\n\n\n\n<h3 class=\"wp-block-heading\">Udost\u0119pnianie danych osobowych<\/h3>\n\n\n\n<p>Udost\u0119pniamy Twoje Dane Osobowe stronom trzecim w celu wykonania dzia\u0142a\u0144 opisanych powy\u017cej. Na przyk\u0142ad u\u017cywamy Google Analytics, aby m\u00f3c zrozumie\u0107, w jaki spos\u00f3b nasi Klienci korzystaj\u0105 z Witryny - mo\u017cesz przeczyta\u0107 wi\u0119cej o tym, jak Google wykorzystuje Twoje dane osobowe tutaj:<br \/> <a href=\"https:\/\/www.google.com\/intl\/en\/policies\/privacy\/\">https:\/\/www.google.com\/intl\/en\/policies\/privacy\/<\/a>.<br \/>\nMo\u017cesz r\u00f3wnie\u017c zrezygnowa\u0107 z zapisywania Twoich danych przez Google Analytics tutaj:<br \/> <a href=\"https:\/\/tools.google.com\/dlpage\/gaoptout\">https:\/\/tools.google.com\/dlpage\/gaoptout<\/a>.<br \/>\nU\u017cywamy serwisu Stripe do obs\u0142ugi p\u0142atno\u015bci online: <a href=\"https:\/\/stripe.com\/\">https:\/\/stripe.com\/<\/a>. Stripe r\u00f3wnie\u017c kolekcjonuje Twoje dane osobowe aby zapewni\u0107 bezpieczn\u0105 transakcj\u0119 przez Internet.\n<p>Mo\u017cemy r\u00f3wnie\u017c udost\u0119pnia\u0107 Twoje Dane Osobowe, aby zachowa\u0107 zgodno\u015b\u0107 z obowi\u0105zuj\u0105cymi przepisami i regulacjami, odpowiedzie\u0107 na wezwanie s\u0105du, nakaz przeszukania lub inne zgodne z prawem \u017c\u0105danie informacji, kt\u00f3re otrzymujemy od urz\u0119d\u00f3w do tego uprawnionych, lub w inny spos\u00f3b aby chroni\u0107 nasze prawa.<\/p>\n\n\n\n<h3 class=\"wp-block-heading\">Ciasteczka<\/h3>\n\n\n\n<p><p>Je\u015bli masz konto i logujesz si\u0119 na tej Witrynie, utworzymy tymczasowe ciasteczko w celu ustalenia, czy twoja przegl\u0105darka akceptuje ciasteczka. To ciasteczko nie zawiera \u017cadnych danych osobistych i jest usuwane po zamkni\u0119ciu przegl\u0105darki.<\/p>\n<p>Po zalogowaniu utworzymy r\u00f3wnie\u017c kilka plik\u00f3w cookie, aby zapisa\u0107 dane logowania i opcje wy\u015bwietlania Witryny. Pliki cookie logowania s\u0105 wa\u017cne przez dwa dni, a pliki cookie opcji Witryny przez rok. Je\u015bli wybierzesz \u201eZapami\u0119taj mnie\u201d, Tw\u00f3j login b\u0119dzie zapami\u0119tany w pliakch \"cookie\" przez dwa tygodnie. Je\u015bli wylogujesz si\u0119 ze swojego konta, ciasteczka logowania zostan\u0105 usuni\u0119te.<\/p><\/p>\n\n\n\n<h3 class=\"wp-block-heading\">Twoje prawa<\/h3>\n\n\n\n<p><p>Je\u015bli jeste\u015b mieszka\u0144cem Unii Europejskiej, masz prawo do dost\u0119pu do przechowywanych przez nas Twoich danych osobowych oraz do \u017c\u0105dania poprawienia, aktualizacji lub usuni\u0119cia Twoich danych osobowych. Je\u015bli chcesz skorzysta\u0107 z tego prawa, skontaktuj si\u0119 z nami, korzystaj\u0105c z powy\u017cszych danych kontaktowych.<\/p>\n<p>Ponadto, je\u015bli jeste\u015b mieszka\u0144cem Unii Europejskiej, zauwa\u017casz, \u017ce przetwarzamy Twoje dane w celu realizacji umowy, kt\u00f3r\u0105 mo\u017cemy z Tob\u0105 zawrze\u0107 (na przyk\u0142ad, je\u015bli sk\u0142adasz zam\u00f3wienie za po\u015brednictwem Witryny) lub w inny spos\u00f3b w celu realizacji naszych uzasadnionych interes\u00f3w biznesowych wymienionych powy\u017cej . Ponadto nale\u017cy pami\u0119ta\u0107, \u017ce Twoje dane b\u0119d\u0105 przekazywane poza UE, w tym do Kanady i Stan\u00f3w Zjednoczonych.<\/p><\/p>\n\n\n\n<h3 class=\"wp-block-heading\">Przechowywanie danych osobowych<\/h3>\n\n\n\n<p>Kiedy sk\u0142adasz zam\u00f3wienie za po\u015brednictwem Witryny, zachowamy Twoje Informacje o Zam\u00f3wieniu dla naszej dokumentacji, chyba \u017ce poprosisz nas o usuni\u0119cie tych informacji.<\/p>\n\n\n\n<h3 class=\"wp-block-heading\">Zmiany powy\u017cszej Polityki Prywatno\u015bci<\/h3>\n\n\n\n<p>Od czasu do czasu mo\u017cemy aktualizowa\u0107 niniejsz\u0105 polityk\u0119 prywatno\u015bci, aby odzwierciedli\u0107 zmiany w naszych praktykach lub z innych przyczyn prawnych lub regulacyjnych.<\/p>","protected":false},"excerpt":{"rendered":"<p>Who we are BinOwl IT Solutions is a company focused on programming and electronics. We are creating our own products and solutions for ideas of our Clients. Our address is: BinOwl IT Solutions Wigierska 54 80-180 Gda\u0144sk, POLAND Our website address is: https:\/\/binowl.com\/ and https:\/\/shop.binowl.com\/ (the &#8220;Site&#8221;). You can also contact us on: contact@binowl.com What [&hellip;]<\/p>","protected":false},"author":5,"featured_media":0,"parent":0,"menu_order":0,"comment_status":"closed","ping_status":"open","template":"template-fullwidth.php","meta":{"footnotes":""},"aioseo_notices":[],"_links":{"self":[{"href":"https:\/\/shop.binowl.com\/pl\/wp-json\/wp\/v2\/pages\/3"}],"collection":[{"href":"https:\/\/shop.binowl.com\/pl\/wp-json\/wp\/v2\/pages"}],"about":[{"href":"https:\/\/shop.binowl.com\/pl\/wp-json\/wp\/v2\/types\/page"}],"author":[{"embeddable":true,"href":"https:\/\/shop.binowl.com\/pl\/wp-json\/wp\/v2\/users\/5"}],"replies":[{"embeddable":true,"href":"https:\/\/shop.binowl.com\/pl\/wp-json\/wp\/v2\/comments?post=3"}],"version-history":[{"count":28,"href":"https:\/\/shop.binowl.com\/pl\/wp-json\/wp\/v2\/pages\/3\/revisions"}],"predecessor-version":[{"id":805,"href":"https:\/\/shop.binowl.com\/pl\/wp-json\/wp\/v2\/pages\/3\/revisions\/805"}],"wp:attachment":[{"href":"https:\/\/shop.binowl.com\/pl\/wp-json\/wp\/v2\/media?parent=3"}],"curies":[{"name":"wp","href":"https:\/\/api.w.org\/{rel}","templated":true}]}}