
{"id":308,"date":"2020-10-21T21:54:25","date_gmt":"2020-10-21T21:54:25","guid":{"rendered":"https:\/\/shop.binowl.com\/?post_type=product&#038;p=308"},"modified":"2022-05-17T23:06:38","modified_gmt":"2022-05-17T23:06:38","slug":"td5-on-board-computer-large-lcd-new-version","status":"publish","type":"product","link":"https:\/\/shop.binowl.com\/pl\/shop\/td5-on-board-computer-large-lcd-new-version\/","title":{"rendered":"Modu\u0142 komputera pok\u0142adowego do silnika Td5 - Du\u017cy LCD - Nowa wersja"},"content":{"rendered":"<p>Nowa wersja modu\u0142u komputera pok\u0142adowego do samochod\u00f3w z silnikiem Td5. Rozmar modu\u0142u jest du\u017co mniejszy ni\u017c wersja pierwsza.<\/p>\n<p>Projekt modu\u0142u komputera pok\u0142adowego do Land Rover\u00f3w z silnikiem Td5 (Discovery 2 i Defender) powsta\u0142 w wyniku pasji do programowania i elektroniki po\u0142\u0105czonej z pasj\u0105 do samochod\u00f3w terenowych marki Land Rover.<\/p>\n<p>Modu\u0142 komputera pok\u0142adowego ma na celu pom\u00f3c w diagnozie ewentualnych problem\u00f3w z silnikiem Td5. Dodatkowym atutem jest mo\u017cliwo\u015b\u0107 ci\u0105g\u0142ego monitoringu poszczeg\u00f3lnych parametr\u00f3w pracy silnika podczas jazdy (Co w terenie mo\u017ce uratowa\u0107 przed powa\u017cnymi awariami\u2026).<\/p>\n<p>Ca\u0142a komunikacja z czujnikami odbywa si\u0119 poprzez z\u0142\u0105cze diagnostyczne OBD2, co pozwala na zmniejszenie ilo\u015bci przewod\u00f3w do trzech (zasilania i komunikacji z ECU silnika \u2013 K-Line).<\/p>\n<p>Zaimplementowane funkcjonalno\u015bci:<\/p>\n<ul>\n<li>Chwilowe spalanie.<\/li>\n<li>\u015arednie Spalanie od uruchomienia pojazdu.<\/li>\n<li>\u017b\u0105danie kierowcy (Drivers Wish) \u2013 Odczyt zaprogramowanej w ECU dawki paliwa.<\/li>\n<li>Wtrysk Idle \u2013 Ile paliwa podaje wtryskiwacz w celu utrzymania pracy.<\/li>\n<li>Wtrysk ca\u0142kowity \u2013 Ile paliwa aktualnie dostarczaj\u0105 nam wtryskiwacze na podstawie danych zaprogramowanych w ECU.<\/li>\n<li>Pr\u0119dko\u015b\u0107 samochodu + programowalny mno\u017cnik pr\u0119dko\u015bci w celu zwi\u0119kszenia odczytu maksymalnie o 30%.<\/li>\n<li>Temperatura paliwa.<\/li>\n<li>Temperatura powietrza w uk\u0142adzie dolotowym.<\/li>\n<li>Temperatura p\u0142ynu ch\u0142odz\u0105cego.<\/li>\n<li>Obroty silnika.<\/li>\n<li>Napi\u0119cie zasilania ECU.<\/li>\n<li>Parametry pracy przep\u0142ywomierza (MAF).<\/li>\n<li>Ci\u015bnienie MAP + bezpo\u015bredni odczyt parametru bez modyfikator\u00f3w ECU.<\/li>\n<li>Ci\u015bnienie AAP + bezpo\u015bredni odczyt parametru bez modyfikator\u00f3w ECU.<\/li>\n<li>Do\u0142adowanie turbiny.<\/li>\n<li>Modulacja PWM zaworu upustowego (Wastegate).<\/li>\n<li>Balans wtryskiwaczy.<\/li>\n<li>Napi\u0119cia zasilania potencjometru peda\u0142u przyspieszenia.<\/li>\n<\/ul>\n<p>Jest to wersja z du\u017cym ekranem LCD. Wymiary ekranu: 98mm x 60mm. Wymiary modu\u0142u g\u0142\u00f3wnego: 50mm x 36mm. Nale\u017cy pami\u0119ta\u0107, \u017ce modu\u0142 ten jest dostarczany bez obudowy i przycisk\u00f3w. Mo\u017cesz kupi\u0107 przyciski w naszym sklepie lub zrobi\u0107 je samodzielnie. Wszystkie instrukcje i podr\u0119czniki zostan\u0105 dostarczone wraz z produktem. Mo\u017cesz je r\u00f3wnie\u017c pobra\u0107 tutaj: <a href=\"https:\/\/binowl.com\/wp-content\/uploads\/2020\/11\/manual_EN.pdf\">Instrukcja obs\u0142ugi i instalacji<\/a><\/p>","protected":false},"excerpt":{"rendered":"<p>Modu\u0142 komputera pok\u0142adowego dla Land Rover\u00f3w z silnikami Td5 (Discovery 2 i Defender). Du\u017cy wy\u015bwietlacz. Nowa wersja.<\/p>","protected":false},"featured_media":312,"template":"","meta":[],"product_cat":[15],"product_tag":[24,26,25],"aioseo_notices":[],"_links":{"self":[{"href":"https:\/\/shop.binowl.com\/pl\/wp-json\/wp\/v2\/product\/308"}],"collection":[{"href":"https:\/\/shop.binowl.com\/pl\/wp-json\/wp\/v2\/product"}],"about":[{"href":"https:\/\/shop.binowl.com\/pl\/wp-json\/wp\/v2\/types\/product"}],"wp:featuredmedia":[{"embeddable":true,"href":"https:\/\/shop.binowl.com\/pl\/wp-json\/wp\/v2\/media\/312"}],"wp:attachment":[{"href":"https:\/\/shop.binowl.com\/pl\/wp-json\/wp\/v2\/media?parent=308"}],"wp:term":[{"taxonomy":"product_cat","embeddable":true,"href":"https:\/\/shop.binowl.com\/pl\/wp-json\/wp\/v2\/product_cat?post=308"},{"taxonomy":"product_tag","embeddable":true,"href":"https:\/\/shop.binowl.com\/pl\/wp-json\/wp\/v2\/product_tag?post=308"}],"curies":[{"name":"wp","href":"https:\/\/api.w.org\/{rel}","templated":true}]}}