
{"id":862,"date":"2022-05-17T23:02:19","date_gmt":"2022-05-17T23:02:19","guid":{"rendered":"https:\/\/shop.binowl.com\/?post_type=product&#038;p=862"},"modified":"2023-10-14T21:21:47","modified_gmt":"2023-10-14T21:21:47","slug":"td5-on-board-computer-large-lcd","status":"publish","type":"product","link":"https:\/\/shop.binowl.com\/pl\/shop\/td5-on-board-computer-large-lcd\/","title":{"rendered":"Td5 On Board Computer \u2013 Large LCD"},"content":{"rendered":"<p>Projekt modu\u0142u komputera pok\u0142adowego do Land Rover\u00f3w z silnikiem Td5 (Discovery 2 i Defender) powsta\u0142 w wyniku pasji do programowania i elektroniki po\u0142\u0105czonej z pasj\u0105 do samochod\u00f3w terenowych marki Land Rover.<\/p>\n<p>The on-board computer is designed to help you diagnose problems with the Td5 engine. An additional advantage is the possibility of continuous monitoring engine parameters while driving. With WiFi functionality.<\/p>\n<p>Additionally you can set alarm for your coolant temperature. If temperature is too high screen will start to flash to inform you that something is going wrong.<\/p>\n<p>Ca\u0142a komunikacja z czujnikami odbywa si\u0119 poprzez z\u0142\u0105cze diagnostyczne OBD2, co pozwala na zmniejszenie ilo\u015bci przewod\u00f3w do trzech (zasilania i komunikacji z ECU silnika \u2013 K-Line).<\/p>\n<p>Zaimplementowane funkcjonalno\u015bci:<\/p>\n<ul>\n<li>Chwilowe spalanie.<\/li>\n<li>\u015arednie Spalanie od uruchomienia pojazdu.<\/li>\n<li>\u017b\u0105danie kierowcy (Drivers Wish) \u2013 Odczyt zaprogramowanej w ECU dawki paliwa.<\/li>\n<li>Wtrysk Idle \u2013 Ile paliwa podaje wtryskiwacz w celu utrzymania pracy.<\/li>\n<li>Wtrysk ca\u0142kowity \u2013 Ile paliwa aktualnie dostarczaj\u0105 nam wtryskiwacze na podstawie danych zaprogramowanych w ECU.<\/li>\n<li>Pr\u0119dko\u015b\u0107 samochodu + programowalny mno\u017cnik pr\u0119dko\u015bci w celu zwi\u0119kszenia odczytu maksymalnie o 30%.<\/li>\n<li>Temperatura paliwa.<\/li>\n<li>Temperatura powietrza w uk\u0142adzie dolotowym.<\/li>\n<li>Temperatura p\u0142ynu ch\u0142odz\u0105cego.<\/li>\n<li>Obroty silnika.<\/li>\n<li>Napi\u0119cie zasilania ECU.<\/li>\n<li>Parametry pracy przep\u0142ywomierza (MAF).<\/li>\n<li>Ci\u015bnienie MAP + bezpo\u015bredni odczyt parametru bez modyfikator\u00f3w ECU.<\/li>\n<li>Ci\u015bnienie AAP + bezpo\u015bredni odczyt parametru bez modyfikator\u00f3w ECU.<\/li>\n<li>Do\u0142adowanie turbiny.<\/li>\n<li>Modulacja PWM zaworu upustowego (Wastegate).<\/li>\n<li>Balans wtryskiwaczy.<\/li>\n<li>Napi\u0119cia zasilania potencjometru peda\u0142u przyspieszenia.<\/li>\n<\/ul>\n<p>You can also monitor these parameters with your smartphone via WiFi.<\/p>\n<p>How to change language? Simply go to <a href=\"https:\/\/binowl.com\/td5gauge-firmware\/\">https:\/\/binowl.com\/td5gauge-firmware\/<\/a>\u00a0 and download firmware what you need.<\/p>\n<p>This is version with large LCD screen. Screen dimensions:\u00a0 98mm x 60mm. Main module dimensions: 50mm x 36mm. Please note, that this module comes without enclosure or buttons. Please read first:\u00a0 <a href=\"https:\/\/binowl.com\/wp-content\/uploads\/documents\/manual_WiFi_EN.pdf\">Instrukcja obs\u0142ugi i instalacji<\/a><\/p>","protected":false},"excerpt":{"rendered":"<p>On-board Computer for Land Rover vehicles with Td5 engine (Discovery 2 and Defender). Large LCD.<\/p>","protected":false},"featured_media":312,"template":"","meta":[],"product_cat":[15],"product_tag":[24,26,25],"aioseo_notices":[],"_links":{"self":[{"href":"https:\/\/shop.binowl.com\/pl\/wp-json\/wp\/v2\/product\/862"}],"collection":[{"href":"https:\/\/shop.binowl.com\/pl\/wp-json\/wp\/v2\/product"}],"about":[{"href":"https:\/\/shop.binowl.com\/pl\/wp-json\/wp\/v2\/types\/product"}],"wp:featuredmedia":[{"embeddable":true,"href":"https:\/\/shop.binowl.com\/pl\/wp-json\/wp\/v2\/media\/312"}],"wp:attachment":[{"href":"https:\/\/shop.binowl.com\/pl\/wp-json\/wp\/v2\/media?parent=862"}],"wp:term":[{"taxonomy":"product_cat","embeddable":true,"href":"https:\/\/shop.binowl.com\/pl\/wp-json\/wp\/v2\/product_cat?post=862"},{"taxonomy":"product_tag","embeddable":true,"href":"https:\/\/shop.binowl.com\/pl\/wp-json\/wp\/v2\/product_tag?post=862"}],"curies":[{"name":"wp","href":"https:\/\/api.w.org\/{rel}","templated":true}]}}